{"id":1523,"date":"2021-06-01T18:59:46","date_gmt":"2021-06-01T18:59:46","guid":{"rendered":"https:\/\/villacanpeluqueriacanina.com\/?page_id=1523"},"modified":"2021-11-11T20:27:30","modified_gmt":"2021-11-11T20:27:30","slug":"tienda","status":"publish","type":"page","link":"https:\/\/villacanpeluqueriacanina.com\/index.php\/tienda\/","title":{"rendered":"Tienda"},"content":{"rendered":"\t\t<div data-elementor-type=\"wp-page\" data-elementor-id=\"1523\" class=\"elementor elementor-1523\" data-elementor-settings=\"[]\">\n\t\t\t\t\t\t\t<div class=\"elementor-section-wrap\">\n\t\t\t\t\t\t\t<section class=\"elementor-section elementor-top-section elementor-element elementor-element-b0b3de5 elementor-section-boxed elementor-section-height-default elementor-section-height-default\" data-id=\"b0b3de5\" data-element_type=\"section\">\n\t\t\t\t\t\t<div class=\"elementor-container elementor-column-gap-default\">\n\t\t\t\t\t<div class=\"elementor-column elementor-col-100 elementor-top-column elementor-element elementor-element-bf27225\" data-id=\"bf27225\" data-element_type=\"column\">\n\t\t\t<div class=\"elementor-widget-wrap elementor-element-populated\">\n\t\t\t\t\t\t\t\t<div class=\"elementor-element elementor-element-5047c6b elementor-widget elementor-widget-heading\" data-id=\"5047c6b\" data-element_type=\"widget\" data-widget_type=\"heading.default\">\n\t\t\t\t<div class=\"elementor-widget-container\">\n\t\t\t<h2 class=\"elementor-heading-title elementor-size-default\">Tienda<\/h2>\t\t<\/div>\n\t\t\t\t<\/div>\n\t\t\t\t<div class=\"elementor-element elementor-element-76219d3 elementor-widget elementor-widget-heading\" data-id=\"76219d3\" data-element_type=\"widget\" data-widget_type=\"heading.default\">\n\t\t\t\t<div class=\"elementor-widget-container\">\n\t\t\t<h2 class=\"elementor-heading-title elementor-size-default\">Disponemos de todo lo necesario para el cuidado de tus mascotas. Desde snacks saludables hasta los juguetes m\u00e1s divertidos. Woaf!<\/h2>\t\t<\/div>\n\t\t\t\t<\/div>\n\t\t\t\t\t<\/div>\n\t\t<\/div>\n\t\t\t\t\t\t\t<\/div>\n\t\t<\/section>\n\t\t\t\t<section class=\"elementor-section elementor-top-section elementor-element elementor-element-a2eaab2 elementor-section-boxed elementor-section-height-default elementor-section-height-default\" data-id=\"a2eaab2\" data-element_type=\"section\">\n\t\t\t\t\t\t<div class=\"elementor-container elementor-column-gap-default\">\n\t\t\t\t\t<div class=\"elementor-column elementor-col-33 elementor-top-column elementor-element elementor-element-d391946\" data-id=\"d391946\" data-element_type=\"column\">\n\t\t\t<div class=\"elementor-widget-wrap elementor-element-populated\">\n\t\t\t\t\t\t\t\t<div class=\"elementor-element elementor-element-158ea6c elementor-widget elementor-widget-heading\" data-id=\"158ea6c\" data-element_type=\"widget\" data-widget_type=\"heading.default\">\n\t\t\t\t<div class=\"elementor-widget-container\">\n\t\t\t<h2 class=\"elementor-heading-title elementor-size-default\">Alimentaci\u00f3n<\/h2>\t\t<\/div>\n\t\t\t\t<\/div>\n\t\t\t\t<div class=\"elementor-element elementor-element-a87522d elementor-widget elementor-widget-image\" data-id=\"a87522d\" data-element_type=\"widget\" data-widget_type=\"image.default\">\n\t\t\t\t<div class=\"elementor-widget-container\">\n\t\t\t\t\t\t\t\t\t\t\t\t\t\t\t<img loading=\"lazy\" decoding=\"async\" width=\"1024\" height=\"1024\" src=\"https:\/\/villacanpeluqueriacanina.com\/wp-content\/uploads\/2021\/06\/IMG_20210525_162615-1-1024x1024.jpg\" class=\"attachment-large size-large\" alt=\"\" srcset=\"https:\/\/villacanpeluqueriacanina.com\/wp-content\/uploads\/2021\/06\/IMG_20210525_162615-1-1024x1024.jpg 1024w, https:\/\/villacanpeluqueriacanina.com\/wp-content\/uploads\/2021\/06\/IMG_20210525_162615-1-300x300.jpg 300w, https:\/\/villacanpeluqueriacanina.com\/wp-content\/uploads\/2021\/06\/IMG_20210525_162615-1-150x150.jpg 150w, https:\/\/villacanpeluqueriacanina.com\/wp-content\/uploads\/2021\/06\/IMG_20210525_162615-1-768x768.jpg 768w, https:\/\/villacanpeluqueriacanina.com\/wp-content\/uploads\/2021\/06\/IMG_20210525_162615-1-1536x1536.jpg 1536w, https:\/\/villacanpeluqueriacanina.com\/wp-content\/uploads\/2021\/06\/IMG_20210525_162615-1-2048x2048.jpg 2048w\" sizes=\"auto, (max-width: 1024px) 100vw, 1024px\" \/>\t\t\t\t\t\t\t\t\t\t\t\t\t\t\t<\/div>\n\t\t\t\t<\/div>\n\t\t\t\t<div class=\"elementor-element elementor-element-9656dc5 elementor-widget elementor-widget-heading\" data-id=\"9656dc5\" data-element_type=\"widget\" data-widget_type=\"heading.default\">\n\t\t\t\t<div class=\"elementor-widget-container\">\n\t\t\t<h2 class=\"elementor-heading-title elementor-size-default\">Apostamos por piensos naturales  de gama alta: Natural Greatness, Gosbi, Nature\u00b4s Variaty, Advance, Hill\u2019s, Specific, Arion, Ownat\u2026 Tambi\u00e9n encontrar\u00e9is gran variedad para gatos, roedores y aves.<\/h2>\t\t<\/div>\n\t\t\t\t<\/div>\n\t\t\t\t\t<\/div>\n\t\t<\/div>\n\t\t\t\t<div class=\"elementor-column elementor-col-33 elementor-top-column elementor-element elementor-element-2819202\" data-id=\"2819202\" data-element_type=\"column\">\n\t\t\t<div class=\"elementor-widget-wrap elementor-element-populated\">\n\t\t\t\t\t\t\t\t<div class=\"elementor-element elementor-element-4bfc95e elementor-widget elementor-widget-heading\" data-id=\"4bfc95e\" data-element_type=\"widget\" data-widget_type=\"heading.default\">\n\t\t\t\t<div class=\"elementor-widget-container\">\n\t\t\t<h2 class=\"elementor-heading-title elementor-size-default\">Snacks saludables<\/h2>\t\t<\/div>\n\t\t\t\t<\/div>\n\t\t\t\t<div class=\"elementor-element elementor-element-5c1fa87 elementor-widget elementor-widget-image\" data-id=\"5c1fa87\" data-element_type=\"widget\" data-widget_type=\"image.default\">\n\t\t\t\t<div class=\"elementor-widget-container\">\n\t\t\t\t\t\t\t\t\t\t\t\t\t\t\t<img loading=\"lazy\" decoding=\"async\" width=\"1024\" height=\"1024\" src=\"https:\/\/villacanpeluqueriacanina.com\/wp-content\/uploads\/2021\/06\/IMG_20210525_162533-1-1024x1024.jpg\" class=\"attachment-large size-large\" alt=\"\" srcset=\"https:\/\/villacanpeluqueriacanina.com\/wp-content\/uploads\/2021\/06\/IMG_20210525_162533-1-1024x1024.jpg 1024w, https:\/\/villacanpeluqueriacanina.com\/wp-content\/uploads\/2021\/06\/IMG_20210525_162533-1-300x300.jpg 300w, https:\/\/villacanpeluqueriacanina.com\/wp-content\/uploads\/2021\/06\/IMG_20210525_162533-1-150x150.jpg 150w, https:\/\/villacanpeluqueriacanina.com\/wp-content\/uploads\/2021\/06\/IMG_20210525_162533-1-768x768.jpg 768w, https:\/\/villacanpeluqueriacanina.com\/wp-content\/uploads\/2021\/06\/IMG_20210525_162533-1-1536x1536.jpg 1536w, https:\/\/villacanpeluqueriacanina.com\/wp-content\/uploads\/2021\/06\/IMG_20210525_162533-1-2048x2048.jpg 2048w\" sizes=\"auto, (max-width: 1024px) 100vw, 1024px\" \/>\t\t\t\t\t\t\t\t\t\t\t\t\t\t\t<\/div>\n\t\t\t\t<\/div>\n\t\t\t\t<div class=\"elementor-element elementor-element-9a65851 elementor-widget elementor-widget-heading\" data-id=\"9a65851\" data-element_type=\"widget\" data-widget_type=\"heading.default\">\n\t\t\t\t<div class=\"elementor-widget-container\">\n\t\t\t<h2 class=\"elementor-heading-title elementor-size-default\">Podr\u00e9is encontrar todo tipo de snacks para premiar a vuestra mascota de\nforma saludable.<\/h2>\t\t<\/div>\n\t\t\t\t<\/div>\n\t\t\t\t\t<\/div>\n\t\t<\/div>\n\t\t\t\t<div class=\"elementor-column elementor-col-33 elementor-top-column elementor-element elementor-element-d869be3\" data-id=\"d869be3\" data-element_type=\"column\">\n\t\t\t<div class=\"elementor-widget-wrap elementor-element-populated\">\n\t\t\t\t\t\t\t\t<div class=\"elementor-element elementor-element-d8dd6b3 elementor-widget elementor-widget-heading\" data-id=\"d8dd6b3\" data-element_type=\"widget\" data-widget_type=\"heading.default\">\n\t\t\t\t<div class=\"elementor-widget-container\">\n\t\t\t<h2 class=\"elementor-heading-title elementor-size-default\">Juguetes<\/h2>\t\t<\/div>\n\t\t\t\t<\/div>\n\t\t\t\t<div class=\"elementor-element elementor-element-0ae0201 elementor-widget elementor-widget-image\" data-id=\"0ae0201\" data-element_type=\"widget\" data-widget_type=\"image.default\">\n\t\t\t\t<div class=\"elementor-widget-container\">\n\t\t\t\t\t\t\t\t\t\t\t\t\t\t\t<img loading=\"lazy\" decoding=\"async\" width=\"1024\" height=\"1024\" src=\"https:\/\/villacanpeluqueriacanina.com\/wp-content\/uploads\/2021\/11\/RESTORED_20210914_124150-1024x1024.jpg\" class=\"attachment-large size-large\" alt=\"\" srcset=\"https:\/\/villacanpeluqueriacanina.com\/wp-content\/uploads\/2021\/11\/RESTORED_20210914_124150-1024x1024.jpg 1024w, https:\/\/villacanpeluqueriacanina.com\/wp-content\/uploads\/2021\/11\/RESTORED_20210914_124150-300x300.jpg 300w, https:\/\/villacanpeluqueriacanina.com\/wp-content\/uploads\/2021\/11\/RESTORED_20210914_124150-150x150.jpg 150w, https:\/\/villacanpeluqueriacanina.com\/wp-content\/uploads\/2021\/11\/RESTORED_20210914_124150-768x768.jpg 768w, https:\/\/villacanpeluqueriacanina.com\/wp-content\/uploads\/2021\/11\/RESTORED_20210914_124150-1536x1536.jpg 1536w, https:\/\/villacanpeluqueriacanina.com\/wp-content\/uploads\/2021\/11\/RESTORED_20210914_124150-2048x2048.jpg 2048w\" sizes=\"auto, (max-width: 1024px) 100vw, 1024px\" \/>\t\t\t\t\t\t\t\t\t\t\t\t\t\t\t<\/div>\n\t\t\t\t<\/div>\n\t\t\t\t<div class=\"elementor-element elementor-element-40526d2 elementor-widget elementor-widget-heading\" data-id=\"40526d2\" data-element_type=\"widget\" data-widget_type=\"heading.default\">\n\t\t\t\t<div class=\"elementor-widget-container\">\n\t\t\t<h2 class=\"elementor-heading-title elementor-size-default\">Para todos los gustos y tama\u00f1os. Tambi\u00e9n encontrar\u00e9is juguetes para gatos, roedores y p\u00e1jaros.<\/h2>\t\t<\/div>\n\t\t\t\t<\/div>\n\t\t\t\t\t<\/div>\n\t\t<\/div>\n\t\t\t\t\t\t\t<\/div>\n\t\t<\/section>\n\t\t\t\t<section class=\"elementor-section elementor-top-section elementor-element elementor-element-eff85a0 elementor-section-boxed elementor-section-height-default elementor-section-height-default\" data-id=\"eff85a0\" data-element_type=\"section\">\n\t\t\t\t\t\t<div class=\"elementor-container elementor-column-gap-default\">\n\t\t\t\t\t<div class=\"elementor-column elementor-col-33 elementor-top-column elementor-element elementor-element-b97dbae\" data-id=\"b97dbae\" data-element_type=\"column\">\n\t\t\t<div class=\"elementor-widget-wrap elementor-element-populated\">\n\t\t\t\t\t\t\t\t<div class=\"elementor-element elementor-element-08c564b elementor-widget elementor-widget-heading\" data-id=\"08c564b\" data-element_type=\"widget\" data-widget_type=\"heading.default\">\n\t\t\t\t<div class=\"elementor-widget-container\">\n\t\t\t<h2 class=\"elementor-heading-title elementor-size-default\">Accesorios<\/h2>\t\t<\/div>\n\t\t\t\t<\/div>\n\t\t\t\t<div class=\"elementor-element elementor-element-1ff1c95 elementor-widget elementor-widget-image\" data-id=\"1ff1c95\" data-element_type=\"widget\" data-widget_type=\"image.default\">\n\t\t\t\t<div class=\"elementor-widget-container\">\n\t\t\t\t\t\t\t\t\t\t\t\t\t\t\t<img loading=\"lazy\" decoding=\"async\" width=\"1024\" height=\"1024\" src=\"https:\/\/villacanpeluqueriacanina.com\/wp-content\/uploads\/2021\/11\/correas-1024x1024.jpg\" class=\"attachment-large size-large\" alt=\"\" srcset=\"https:\/\/villacanpeluqueriacanina.com\/wp-content\/uploads\/2021\/11\/correas-1024x1024.jpg 1024w, https:\/\/villacanpeluqueriacanina.com\/wp-content\/uploads\/2021\/11\/correas-300x300.jpg 300w, https:\/\/villacanpeluqueriacanina.com\/wp-content\/uploads\/2021\/11\/correas-150x150.jpg 150w, https:\/\/villacanpeluqueriacanina.com\/wp-content\/uploads\/2021\/11\/correas-768x768.jpg 768w, https:\/\/villacanpeluqueriacanina.com\/wp-content\/uploads\/2021\/11\/correas-1536x1536.jpg 1536w, https:\/\/villacanpeluqueriacanina.com\/wp-content\/uploads\/2021\/11\/correas.jpg 1872w\" sizes=\"auto, (max-width: 1024px) 100vw, 1024px\" \/>\t\t\t\t\t\t\t\t\t\t\t\t\t\t\t<\/div>\n\t\t\t\t<\/div>\n\t\t\t\t<div class=\"elementor-element elementor-element-7a2fa0d elementor-widget elementor-widget-heading\" data-id=\"7a2fa0d\" data-element_type=\"widget\" data-widget_type=\"heading.default\">\n\t\t\t\t<div class=\"elementor-widget-container\">\n\t\t\t<h2 class=\"elementor-heading-title elementor-size-default\">Collares, arneses, correas y todo tipo de accesorios de gran calidad y primeras marcas, Julius K9, Mascot City, Curli, Flexi...<\/h2>\t\t<\/div>\n\t\t\t\t<\/div>\n\t\t\t\t\t<\/div>\n\t\t<\/div>\n\t\t\t\t<div class=\"elementor-column elementor-col-33 elementor-top-column elementor-element elementor-element-8cdb7bd\" data-id=\"8cdb7bd\" data-element_type=\"column\">\n\t\t\t<div class=\"elementor-widget-wrap elementor-element-populated\">\n\t\t\t\t\t\t\t\t<div class=\"elementor-element elementor-element-496f3d7 elementor-widget elementor-widget-heading\" data-id=\"496f3d7\" data-element_type=\"widget\" data-widget_type=\"heading.default\">\n\t\t\t\t<div class=\"elementor-widget-container\">\n\t\t\t<h2 class=\"elementor-heading-title elementor-size-default\">Confort<\/h2>\t\t<\/div>\n\t\t\t\t<\/div>\n\t\t\t\t<div class=\"elementor-element elementor-element-4bdf671 elementor-widget elementor-widget-image\" data-id=\"4bdf671\" data-element_type=\"widget\" data-widget_type=\"image.default\">\n\t\t\t\t<div class=\"elementor-widget-container\">\n\t\t\t\t\t\t\t\t\t\t\t\t\t\t\t<img loading=\"lazy\" decoding=\"async\" width=\"1024\" height=\"1024\" src=\"https:\/\/villacanpeluqueriacanina.com\/wp-content\/uploads\/2021\/06\/IMG_20210525_162434-1-1024x1024.jpg\" class=\"attachment-large size-large\" alt=\"\" srcset=\"https:\/\/villacanpeluqueriacanina.com\/wp-content\/uploads\/2021\/06\/IMG_20210525_162434-1-1024x1024.jpg 1024w, https:\/\/villacanpeluqueriacanina.com\/wp-content\/uploads\/2021\/06\/IMG_20210525_162434-1-300x300.jpg 300w, https:\/\/villacanpeluqueriacanina.com\/wp-content\/uploads\/2021\/06\/IMG_20210525_162434-1-150x150.jpg 150w, https:\/\/villacanpeluqueriacanina.com\/wp-content\/uploads\/2021\/06\/IMG_20210525_162434-1-768x768.jpg 768w, https:\/\/villacanpeluqueriacanina.com\/wp-content\/uploads\/2021\/06\/IMG_20210525_162434-1-1536x1536.jpg 1536w, https:\/\/villacanpeluqueriacanina.com\/wp-content\/uploads\/2021\/06\/IMG_20210525_162434-1-2048x2048.jpg 2048w\" sizes=\"auto, (max-width: 1024px) 100vw, 1024px\" \/>\t\t\t\t\t\t\t\t\t\t\t\t\t\t\t<\/div>\n\t\t\t\t<\/div>\n\t\t\t\t<div class=\"elementor-element elementor-element-eb7923d elementor-widget elementor-widget-heading\" data-id=\"eb7923d\" data-element_type=\"widget\" data-widget_type=\"heading.default\">\n\t\t\t\t<div class=\"elementor-widget-container\">\n\t\t\t<h2 class=\"elementor-heading-title elementor-size-default\">Camas y colchonetas resistentes. Tejidos de tapiceria y tratamiento aquaclean, relleno de alta densidad para que tus mascotas est\u00e9n s\u00faper comodas y a ti te resulte f\u00e1cil su limpieza. Aptas para lavar en lavadora.<\/h2>\t\t<\/div>\n\t\t\t\t<\/div>\n\t\t\t\t\t<\/div>\n\t\t<\/div>\n\t\t\t\t<div class=\"elementor-column elementor-col-33 elementor-top-column elementor-element elementor-element-dd5f22f\" data-id=\"dd5f22f\" data-element_type=\"column\">\n\t\t\t<div class=\"elementor-widget-wrap elementor-element-populated\">\n\t\t\t\t\t\t\t\t<div class=\"elementor-element elementor-element-bac7e6f elementor-widget elementor-widget-heading\" data-id=\"bac7e6f\" data-element_type=\"widget\" data-widget_type=\"heading.default\">\n\t\t\t\t<div class=\"elementor-widget-container\">\n\t\t\t<h2 class=\"elementor-heading-title elementor-size-default\">Cosm\u00e9tica<\/h2>\t\t<\/div>\n\t\t\t\t<\/div>\n\t\t\t\t<div class=\"elementor-element elementor-element-ab2d05d elementor-widget elementor-widget-image\" data-id=\"ab2d05d\" data-element_type=\"widget\" data-widget_type=\"image.default\">\n\t\t\t\t<div class=\"elementor-widget-container\">\n\t\t\t\t\t\t\t\t\t\t\t\t\t\t\t<img loading=\"lazy\" decoding=\"async\" width=\"1024\" height=\"1024\" src=\"https:\/\/villacanpeluqueriacanina.com\/wp-content\/uploads\/2021\/06\/IMG_20210525_163221-1-1024x1024.jpg\" class=\"attachment-large size-large\" alt=\"\" srcset=\"https:\/\/villacanpeluqueriacanina.com\/wp-content\/uploads\/2021\/06\/IMG_20210525_163221-1-1024x1024.jpg 1024w, https:\/\/villacanpeluqueriacanina.com\/wp-content\/uploads\/2021\/06\/IMG_20210525_163221-1-300x300.jpg 300w, https:\/\/villacanpeluqueriacanina.com\/wp-content\/uploads\/2021\/06\/IMG_20210525_163221-1-150x150.jpg 150w, https:\/\/villacanpeluqueriacanina.com\/wp-content\/uploads\/2021\/06\/IMG_20210525_163221-1-768x768.jpg 768w, https:\/\/villacanpeluqueriacanina.com\/wp-content\/uploads\/2021\/06\/IMG_20210525_163221-1-1536x1536.jpg 1536w, https:\/\/villacanpeluqueriacanina.com\/wp-content\/uploads\/2021\/06\/IMG_20210525_163221-1-2048x2048.jpg 2048w\" sizes=\"auto, (max-width: 1024px) 100vw, 1024px\" \/>\t\t\t\t\t\t\t\t\t\t\t\t\t\t\t<\/div>\n\t\t\t\t<\/div>\n\t\t\t\t<div class=\"elementor-element elementor-element-895b431 elementor-widget elementor-widget-heading\" data-id=\"895b431\" data-element_type=\"widget\" data-widget_type=\"heading.default\">\n\t\t\t\t<div class=\"elementor-widget-container\">\n\t\t\t<h2 class=\"elementor-heading-title elementor-size-default\">Nos encanta que cuid\u00e9is a vuestros perretes en casa, por ello, ten\u00e9is una gran variedad de peines, cardas, champ\u00fas, acondicionadores, de diferentes marcas como Artero, Nogga, PsH...<span style=\"font-style: inherit;\"><\/span><br><\/h2>\t\t<\/div>\n\t\t\t\t<\/div>\n\t\t\t\t\t<\/div>\n\t\t<\/div>\n\t\t\t\t\t\t\t<\/div>\n\t\t<\/section>\n\t\t\t\t\t\t<\/div>\n\t\t\t\t\t<\/div>\n\t\t","protected":false},"excerpt":{"rendered":"<p>Tienda Disponemos de todo lo necesario para el cuidado de tus mascotas. Desde snacks saludables hasta los juguetes m\u00e1s divertidos. Woaf! Alimentaci\u00f3n Apostamos por piensos naturales de gama alta: Natural Greatness, Gosbi, Nature\u00b4s Variaty, Advance, Hill\u2019s, Specific, Arion, Ownat\u2026 Tambi\u00e9n encontrar\u00e9is gran variedad para gatos, roedores y aves. Snacks saludables Podr\u00e9is encontrar todo tipo de &hellip;<\/p>\n<p class=\"read-more\"> <a class=\"\" href=\"https:\/\/villacanpeluqueriacanina.com\/index.php\/tienda\/\"> <span class=\"screen-reader-text\">Tienda<\/span> Read More &raquo;<\/a><\/p>\n","protected":false},"author":1,"featured_media":0,"parent":0,"menu_order":0,"comment_status":"closed","ping_status":"closed","template":"","meta":{"om_disable_all_campaigns":false,"_monsterinsights_skip_tracking":false,"_monsterinsights_sitenote_active":false,"_monsterinsights_sitenote_note":"","_monsterinsights_sitenote_category":0,"spay_email":"","footnotes":""},"class_list":["post-1523","page","type-page","status-publish","hentry"],"uagb_featured_image_src":{"full":false,"thumbnail":false,"medium":false,"medium_large":false,"large":false,"1536x1536":false,"2048x2048":false},"uagb_author_info":{"display_name":"alegremascota@gmail.com","author_link":"https:\/\/villacanpeluqueriacanina.com\/index.php\/author\/alegremascotagmail-com\/"},"uagb_comment_info":0,"uagb_excerpt":"Tienda Disponemos de todo lo necesario para el cuidado de tus mascotas. Desde snacks saludables hasta los juguetes m\u00e1s divertidos. Woaf! Alimentaci\u00f3n Apostamos por piensos naturales de gama alta: Natural Greatness, Gosbi, Nature\u00b4s Variaty, Advance, Hill\u2019s, Specific, Arion, Ownat\u2026 Tambi\u00e9n encontrar\u00e9is gran variedad para gatos, roedores y aves. Snacks saludables Podr\u00e9is encontrar todo tipo de&hellip;","_links":{"self":[{"href":"https:\/\/villacanpeluqueriacanina.com\/index.php\/wp-json\/wp\/v2\/pages\/1523","targetHints":{"allow":["GET"]}}],"collection":[{"href":"https:\/\/villacanpeluqueriacanina.com\/index.php\/wp-json\/wp\/v2\/pages"}],"about":[{"href":"https:\/\/villacanpeluqueriacanina.com\/index.php\/wp-json\/wp\/v2\/types\/page"}],"author":[{"embeddable":true,"href":"https:\/\/villacanpeluqueriacanina.com\/index.php\/wp-json\/wp\/v2\/users\/1"}],"replies":[{"embeddable":true,"href":"https:\/\/villacanpeluqueriacanina.com\/index.php\/wp-json\/wp\/v2\/comments?post=1523"}],"version-history":[{"count":25,"href":"https:\/\/villacanpeluqueriacanina.com\/index.php\/wp-json\/wp\/v2\/pages\/1523\/revisions"}],"predecessor-version":[{"id":1830,"href":"https:\/\/villacanpeluqueriacanina.com\/index.php\/wp-json\/wp\/v2\/pages\/1523\/revisions\/1830"}],"wp:attachment":[{"href":"https:\/\/villacanpeluqueriacanina.com\/index.php\/wp-json\/wp\/v2\/media?parent=1523"}],"curies":[{"name":"wp","href":"https:\/\/api.w.org\/{rel}","templated":true}]}}